{"id":6844,"date":"2025-10-29T00:07:33","date_gmt":"2025-10-29T00:07:33","guid":{"rendered":"https:\/\/directory.hotel1908.com\/?page_id=6844"},"modified":"2025-10-29T11:02:56","modified_gmt":"2025-10-29T11:02:56","slug":"guest-directory","status":"publish","type":"page","link":"https:\/\/directory.hotel1908.com\/fr\/","title":{"rendered":"R\u00e9pertoire des invit\u00e9s"},"content":{"rendered":"<div data-elementor-type=\"wp-page\" data-elementor-id=\"6844\" class=\"elementor elementor-6844\">\n\t\t\t\t<div class=\"elementor-element elementor-element-eae708c e-flex e-con-boxed e-con e-parent\" data-id=\"eae708c\" data-element_type=\"container\">\n\t\t\t\t\t<div class=\"e-con-inner\">\n\t\t\t\t<div class=\"elementor-element elementor-element-5c32d73 elementor-widget elementor-widget-heading\" data-id=\"5c32d73\" data-element_type=\"widget\" data-widget_type=\"heading.default\">\n\t\t\t\t\t<h2 class=\"elementor-heading-title elementor-size-default\">Bienvenue !\n<\/h2>\t\t\t\t<\/div>\n\t\t\t\t<div class=\"elementor-element elementor-element-1f47c02 elementor-widget elementor-widget-text-editor\" data-id=\"1f47c02\" data-element_type=\"widget\" data-widget_type=\"text-editor.default\">\n\t\t\t\t\t\t\t\t\t<p>Chers invit\u00e9s,<br \/>Voici quelques informations utiles pour faire<br \/>plus paisible et plus relaxant votre s\u00e9jour.<br \/>Je vous prie d'agr\u00e9er, Monsieur le Pr\u00e9sident, l'expression de mes salutations distingu\u00e9es,<\/p>\t\t\t\t\t\t\t\t<\/div>\n\t\t\t\t<div class=\"elementor-element elementor-element-00767be elementor-widget elementor-widget-image\" data-id=\"00767be\" data-element_type=\"widget\" data-widget_type=\"image.default\">\n\t\t\t\t\t\t\t\t\t\t\t\t\t\t\t<img decoding=\"async\" width=\"250\" height=\"67\" src=\"https:\/\/directory.hotel1908.com\/wp-content\/uploads\/2025\/10\/biagisig.png\" class=\"attachment-large size-large wp-image-6891\" alt=\"\" srcset=\"https:\/\/directory.hotel1908.com\/wp-content\/uploads\/2025\/10\/biagisig.png 250w, https:\/\/directory.hotel1908.com\/wp-content\/uploads\/2025\/10\/biagisig-18x5.png 18w\" sizes=\"(max-width: 250px) 100vw, 250px\" \/>\t\t\t\t\t\t\t\t\t\t\t\t\t\t\t<\/div>\n\t\t\t\t<div class=\"elementor-element elementor-element-6557257 elementor-widget elementor-widget-text-editor\" data-id=\"6557257\" data-element_type=\"widget\" data-widget_type=\"text-editor.default\">\n\t\t\t\t\t\t\t\t\t<p>et toute l'\u00e9quipe de l'H\u00f4tel 1908 \u00ae<\/p>\t\t\t\t\t\t\t\t<\/div>\n\t\t\t\t<div class=\"elementor-element elementor-element-2446e26 elementor-widget elementor-widget-faq-revo\" data-id=\"2446e26\" data-element_type=\"widget\" data-widget_type=\"faq-revo.default\">\n\t\t\t\t<div class=\"elementor-widget-container\">\n\t\t\t\t\t<form id=\"fr_69ef988b12566\" action=\"\/fr\/post\/\" target=\"\" class=\"fr_searchbar_form\" data-req-src=\"0\" data-trp-original-action=\"post\"><input type=\"hidden\" name=\"fr_faq_subj_dl\" value=\"guest-directory\" \/>                <div class=\"fr_sub_subj_wrap\">                    <div class=\"fr_sub_subjs_container fr_custom_dd fr_displaynone\">                        <section>Toute section<\/section>                                                <ul class=\"fr_sub_subjs_list fr_custom_dd_list\">                            <li data-val=\"any\" data-dl=\"any\" class=\"fr_custom_dd_sel\">Toute section<\/li>                        <\/ul>                        <\/div>                <\/div>            <div class=\"fr_faq_search\">                <i class=\"fr_clear_search dashicons dashicons-no-alt\" title=\"clear search\"><\/i>                <input value=\"\" placeholder=\"Rechercher un sujet...\" autocomplete=\"off\" type=\"text\">            <\/div>            <div class=\"fr_matching_faqs\">    <div class=\"fr_no_result fr_displaynone\" data-fr-json=\"{&quot;hide_faq_search&quot;:false,&quot;empty_faq_search&quot;:true,&quot;show_faqs&quot;:true}\">        <em>Aucune FAQ n'a \u00e9t\u00e9 trouv\u00e9e ...<\/em>    <\/div><div class=\"fr_faqs_wrap\"><div class=\"fr_faqs_inner_wrap\"><ul class=\"fr_faqs_list\"><li data-val=\"6858\" data-dl=\"6858-accappatoi\" data-searchable=\"\" >Peignoirs<\/li><li data-val=\"6859\" data-dl=\"6859-acqua-potabile\" data-searchable=\"\" >Eau potable<\/li><li data-val=\"6861\" data-dl=\"6861-aeroporti-e-trasferimenti\" data-searchable=\"\" >A\u00e9roports et transferts<\/li><li data-val=\"6862\" data-dl=\"6862-animali-domestici\" data-searchable=\"\" >Animaux domestiques<\/li><li data-val=\"6863\" data-dl=\"6863-aria-condizionata-e-riscaldamento\" data-searchable=\"\" >Climatisation et chauffage<\/li><li data-val=\"6955\" data-dl=\"6955-ascensore\" data-searchable=\"\" >Ascenseur<\/li><li data-val=\"6864\" data-dl=\"6864-asciugacapelli\" data-searchable=\"\" >S\u00e8che-cheveux<\/li><li data-val=\"6956\" data-dl=\"6956-asciugamani\" data-searchable=\"\" >Serviettes<\/li><li data-val=\"6865\" data-dl=\"6865-audio-e-video\" data-searchable=\"\" >Audio et vid\u00e9o<\/li><li data-val=\"6866\" data-dl=\"6866-baby-sitting\" data-searchable=\"\" >Baby-sitting<\/li><li data-val=\"6869\" data-dl=\"6869-bancomat\" data-searchable=\"\" >DAB<\/li><li data-val=\"6870\" data-dl=\"6870-bar\" data-searchable=\"\" >Barre<\/li><li data-val=\"6895\" data-dl=\"6895-barbiere\" data-searchable=\"\" >Barbier<\/li><li data-val=\"6937\" data-dl=\"6937-biciclette\" data-searchable=\"\" >Bicyclettes<\/li><li data-val=\"6957\" data-dl=\"6957-canali-tv\" data-searchable=\"\" >Cha\u00eenes de t\u00e9l\u00e9vision<\/li><li data-val=\"6899\" data-dl=\"6899-carte-di-credito\" data-searchable=\"\" >Cartes de cr\u00e9dit<\/li><li data-val=\"6900\" data-dl=\"6900-cassetta-di-sicurezza\" data-searchable=\"\" >Bo\u00eete de s\u00e9curit\u00e9<\/li><li data-val=\"6958\" data-dl=\"6958-check-in-check-out\" data-searchable=\"\" >Enregistrement et d\u00e9part<\/li><li data-val=\"6901\" data-dl=\"6901-check-out\" data-searchable=\"\" >Check-out<\/li><li data-val=\"6903\" data-dl=\"6903-chiave\" data-searchable=\"\" >Cl\u00e9<\/li><li data-val=\"6905\" data-dl=\"6905-cucito-e-rammendo\" data-searchable=\"\" >Couture et raccommodage<\/li><li data-val=\"6906\" data-dl=\"6906-culle-e-baby-care\" data-searchable=\"\" >Lits d'enfant et pu\u00e9riculture<\/li><li data-val=\"6907\" data-dl=\"6907-cuscini-e-coperte\" data-searchable=\"\" >Coussins et couvertures<\/li><li data-val=\"6908\" data-dl=\"6908-dentista\" data-searchable=\"\" >Dentiste<\/li><li data-val=\"6909\" data-dl=\"6909-disabilita-assistenza\" data-searchable=\"\" >Handicap (assistance)<\/li><li data-val=\"6910\" data-dl=\"6910-do-not-disturb\" data-searchable=\"\" >Ne pas d\u00e9ranger<\/li><li data-val=\"6915\" data-dl=\"6915-dottore\" data-searchable=\"\" >M\u00e9decin<\/li><li data-val=\"6911\" data-dl=\"6911-e-mail\" data-searchable=\"\" >Courrier \u00e9lectronique<\/li><li data-val=\"6912\" data-dl=\"6912-emergenza-pronto-soccorso\" data-searchable=\"\" >Urgences et premiers secours<\/li><li data-val=\"6913\" data-dl=\"6913-energia-elettrica\" data-searchable=\"\" >L'\u00e9lectricit\u00e9<\/li><li data-val=\"6959\" data-dl=\"6959-entrata\" data-searchable=\"\" >Entr\u00e9e<\/li><li data-val=\"6914\" data-dl=\"6914-estetista\" data-searchable=\"\" >Esth\u00e9ticienne<\/li><li data-val=\"6916\" data-dl=\"6916-facsimile\" data-searchable=\"\" >T\u00e9l\u00e9copie<\/li><li data-val=\"6917\" data-dl=\"6917-farmacia\" data-searchable=\"\" >Pharmacie<\/li><li data-val=\"6918\" data-dl=\"6918-fiori\" data-searchable=\"\" >Fleurs<\/li><li data-val=\"6919\" data-dl=\"6919-fitness-centre\" data-searchable=\"\" >Centre de remise en forme<\/li><li data-val=\"6920\" data-dl=\"6920-fotocopie\" data-searchable=\"\" >Photocopies<\/li><li data-val=\"6921\" data-dl=\"6921-fumatori\" data-searchable=\"\" >Fumeurs<\/li><li data-val=\"6922\" data-dl=\"6922-ghiaccio\" data-searchable=\"\" >Glace<\/li><li data-val=\"6960\" data-dl=\"6960-giardino\" data-searchable=\"\" >Jardin<\/li><li data-val=\"6923\" data-dl=\"6923-giornali\" data-searchable=\"\" >Journaux<\/li><li data-val=\"6924\" data-dl=\"6924-golf\" data-searchable=\"\" >Golf<\/li><li data-val=\"6925\" data-dl=\"6925-housekeeping\" data-searchable=\"\" >Entretien m\u00e9nager<\/li><li data-val=\"6926\" data-dl=\"6926-incendio-sicurezza\" data-searchable=\"\" >Incendie (s\u00e9curit\u00e9)<\/li><li data-val=\"6927\" data-dl=\"6927-internet\" data-searchable=\"\" >Internet<\/li><li data-val=\"6928\" data-dl=\"6928-interpreti-e-traduttori\" data-searchable=\"\" >Interpr\u00e8tes et traducteurs<\/li><li data-val=\"6929\" data-dl=\"6929-jogging\" data-searchable=\"\" >Jogging<\/li><li data-val=\"6930\" data-dl=\"6930-lavanderia\" data-searchable=\"\" >Blanchisserie<\/li><li data-val=\"6961\" data-dl=\"6961-libreria\" data-searchable=\"\" >Librairie<\/li><li data-val=\"6931\" data-dl=\"6931-limousine\" data-searchable=\"\" >Limousine<\/li><li data-val=\"6932\" data-dl=\"6932-lost-and-found\" data-searchable=\"\" >Objets trouv\u00e9s<\/li><li data-val=\"6933\" data-dl=\"6933-lucidatura-scarpe\" data-searchable=\"\" >Cirage de chaussures<\/li><li data-val=\"6934\" data-dl=\"6934-manager-on-duty\" data-searchable=\"\" >Directeur de service<\/li><li data-val=\"6935\" data-dl=\"6935-massaggi\" data-searchable=\"\" >Massages<\/li><li data-val=\"6962\" data-dl=\"6962-minibar\" data-searchable=\"\" >Minibar<\/li><li data-val=\"6936\" data-dl=\"6936-musei-e-gallerie\" data-searchable=\"\" >Mus\u00e9es et galeries<\/li><li data-val=\"6938\" data-dl=\"6938-ombrello\" data-searchable=\"\" >Parapluie<\/li><li data-val=\"6939\" data-dl=\"6939-parcheggio\" data-searchable=\"\" >Parking<\/li><li data-val=\"6940\" data-dl=\"6940-parrucchiere\" data-searchable=\"\" >Coiffeur<\/li><li data-val=\"6963\" data-dl=\"6963-pc-internet-point\" data-searchable=\"\" >Point Pc\/Internet<\/li><li data-val=\"6941\" data-dl=\"6941-piastra-per-capelli\" data-searchable=\"\" >Lisseur \u00e0 cheveux<\/li><li data-val=\"6942\" data-dl=\"6942-piscina\" data-searchable=\"\" >Piscine<\/li><li data-val=\"6943\" data-dl=\"6943-posta\" data-searchable=\"\" >Courrier<\/li><li data-val=\"6964\" data-dl=\"6964-quanto-dista-lhotel-da\" data-searchable=\"\" >Quelle est la distance entre l'h\u00f4tel et ....<\/li><li data-val=\"6945\" data-dl=\"6945-ristorante\" data-searchable=\"\" >Restaurant<\/li><li data-val=\"6988\" data-dl=\"6988-ristoranti\" data-searchable=\"\" >Restaurants<\/li><li data-val=\"6944\" data-dl=\"6944-room-service\" data-searchable=\"\" >Service en chambre<\/li><li data-val=\"6965\" data-dl=\"6965-servizio-sveglia\" data-searchable=\"\" >Service de r\u00e9veil<\/li><li data-val=\"6966\" data-dl=\"6966-spiaggia\" data-searchable=\"\" >Plage<\/li><li data-val=\"6948\" data-dl=\"6948-taxi\" data-searchable=\"\" >Taxi<\/li><li data-val=\"6949\" data-dl=\"6949-trasporto-pubblico\" data-searchable=\"\" >Transport public<\/li><li data-val=\"6950\" data-dl=\"6950-voli-e-compagnie-aeree\" data-searchable=\"\" >Vols et compagnies a\u00e9riennes<\/li><\/ul><div class=\"fr_faq_container\"><\/div><\/div><\/div>            <\/div>       <input type=\"hidden\" name=\"trp-form-language\" value=\"fr\"\/><\/form><script type=\"text\/javascript\">    (function() {         \"use strict\";                const intval = setInterval(() => {            if(typeof(jQuery) == \"undefined\" || typeof(fr_init_searchbox) == \"undefined\") {                return true;            }            else {                clearTimeout(intval);                                fr_vars.subj[\"fr_69ef988b12566\"]   = 196;                 fr_vars.sub_subj[\"fr_69ef988b12566\"]  = 0;                fr_vars.faq[\"fr_69ef988b12566\"]   = 0;                fr_vars.excl_subj[\"fr_69ef988b12566\"] = JSON.parse(`[0]`);                                fr_init_searchbox(\"fr_69ef988b12566\");            }        }, 50);    })();<\/script>\t\t\t\t<\/div>\n\t\t\t\t<\/div>\n\t\t\t\t\t<\/div>\n\t\t\t\t<\/div>\n\t\t\t\t<\/div>","protected":false},"excerpt":{"rendered":"<p>Benvenuti! Cari ospiti,ecco alcune informazioni utili per renderepi\u00f9 tranquillo e rilassante il vostro soggiorno.Cordialmente, e tutto il team del Hotel 1908 \u00ae Any section Any section No FAQs found .. Accappatoi Acqua Potabile Adattatori\/Convertitori Aeroporti e Trasferimenti Animali Domestici Aria Condizionata e Riscaldamento Asciugacapelli Audio e Video Autonoleggio Baby-sitting Bagagli Smarriti Banchetti, Meeting ed Eventi [&hellip;]<\/p>","protected":false},"author":1,"featured_media":0,"parent":0,"menu_order":0,"comment_status":"closed","ping_status":"closed","template":"","meta":{"footnotes":""},"class_list":["post-6844","page","type-page","status-publish","hentry"],"_links":{"self":[{"href":"https:\/\/directory.hotel1908.com\/fr\/wp-json\/wp\/v2\/pages\/6844","targetHints":{"allow":["GET"]}}],"collection":[{"href":"https:\/\/directory.hotel1908.com\/fr\/wp-json\/wp\/v2\/pages"}],"about":[{"href":"https:\/\/directory.hotel1908.com\/fr\/wp-json\/wp\/v2\/types\/page"}],"author":[{"embeddable":true,"href":"https:\/\/directory.hotel1908.com\/fr\/wp-json\/wp\/v2\/users\/1"}],"replies":[{"embeddable":true,"href":"https:\/\/directory.hotel1908.com\/fr\/wp-json\/wp\/v2\/comments?post=6844"}],"version-history":[{"count":19,"href":"https:\/\/directory.hotel1908.com\/fr\/wp-json\/wp\/v2\/pages\/6844\/revisions"}],"predecessor-version":[{"id":6894,"href":"https:\/\/directory.hotel1908.com\/fr\/wp-json\/wp\/v2\/pages\/6844\/revisions\/6894"}],"wp:attachment":[{"href":"https:\/\/directory.hotel1908.com\/fr\/wp-json\/wp\/v2\/media?parent=6844"}],"curies":[{"name":"wp","href":"https:\/\/api.w.org\/{rel}","templated":true}]}}