{"id":6844,"date":"2025-10-29T00:07:33","date_gmt":"2025-10-29T00:07:33","guid":{"rendered":"https:\/\/directory.hotel1908.com\/?page_id=6844"},"modified":"2025-10-29T11:02:56","modified_gmt":"2025-10-29T11:02:56","slug":"guest-directory","status":"publish","type":"page","link":"https:\/\/directory.hotel1908.com\/es\/","title":{"rendered":"Directorio de invitados"},"content":{"rendered":"<div data-elementor-type=\"wp-page\" data-elementor-id=\"6844\" class=\"elementor elementor-6844\">\n\t\t\t\t<div class=\"elementor-element elementor-element-eae708c e-flex e-con-boxed e-con e-parent\" data-id=\"eae708c\" data-element_type=\"container\">\n\t\t\t\t\t<div class=\"e-con-inner\">\n\t\t\t\t<div class=\"elementor-element elementor-element-5c32d73 elementor-widget elementor-widget-heading\" data-id=\"5c32d73\" data-element_type=\"widget\" data-widget_type=\"heading.default\">\n\t\t\t\t\t<h2 class=\"elementor-heading-title elementor-size-default\">Bienvenido.\n<\/h2>\t\t\t\t<\/div>\n\t\t\t\t<div class=\"elementor-element elementor-element-1f47c02 elementor-widget elementor-widget-text-editor\" data-id=\"1f47c02\" data-element_type=\"widget\" data-widget_type=\"text-editor.default\">\n\t\t\t\t\t\t\t\t\t<p>Estimados invitados,<br \/>aqu\u00ed hay informaci\u00f3n \u00fatil para hacer<br \/>m\u00e1s tranquila y relajante su estancia.<br \/>Cordialmente,<\/p>\t\t\t\t\t\t\t\t<\/div>\n\t\t\t\t<div class=\"elementor-element elementor-element-00767be elementor-widget elementor-widget-image\" data-id=\"00767be\" data-element_type=\"widget\" data-widget_type=\"image.default\">\n\t\t\t\t\t\t\t\t\t\t\t\t\t\t\t<img decoding=\"async\" width=\"250\" height=\"67\" src=\"https:\/\/directory.hotel1908.com\/wp-content\/uploads\/2025\/10\/biagisig.png\" class=\"attachment-large size-large wp-image-6891\" alt=\"\" srcset=\"https:\/\/directory.hotel1908.com\/wp-content\/uploads\/2025\/10\/biagisig.png 250w, https:\/\/directory.hotel1908.com\/wp-content\/uploads\/2025\/10\/biagisig-18x5.png 18w\" sizes=\"(max-width: 250px) 100vw, 250px\" \/>\t\t\t\t\t\t\t\t\t\t\t\t\t\t\t<\/div>\n\t\t\t\t<div class=\"elementor-element elementor-element-6557257 elementor-widget elementor-widget-text-editor\" data-id=\"6557257\" data-element_type=\"widget\" data-widget_type=\"text-editor.default\">\n\t\t\t\t\t\t\t\t\t<p>y a todo el equipo del Hotel 1908 \u00ae.<\/p>\t\t\t\t\t\t\t\t<\/div>\n\t\t\t\t<div class=\"elementor-element elementor-element-2446e26 elementor-widget elementor-widget-faq-revo\" data-id=\"2446e26\" data-element_type=\"widget\" data-widget_type=\"faq-revo.default\">\n\t\t\t\t<div class=\"elementor-widget-container\">\n\t\t\t\t\t<form id=\"fr_69ef9820f051c\" action=\"\/es\/post\/\" target=\"\" class=\"fr_searchbar_form\" data-req-src=\"0\" data-trp-original-action=\"post\"><input type=\"hidden\" name=\"fr_faq_subj_dl\" value=\"guest-directory\" \/>                <div class=\"fr_sub_subj_wrap\">                    <div class=\"fr_sub_subjs_container fr_custom_dd fr_displaynone\">                        <section>Cualquier secci\u00f3n<\/section>                                                <ul class=\"fr_sub_subjs_list fr_custom_dd_list\">                            <li data-val=\"any\" data-dl=\"any\" class=\"fr_custom_dd_sel\">Cualquier secci\u00f3n<\/li>                        <\/ul>                        <\/div>                <\/div>            <div class=\"fr_faq_search\">                <i class=\"fr_clear_search dashicons dashicons-no-alt\" title=\"clear search\"><\/i>                <input value=\"\" placeholder=\"Buscar un tema...\" autocomplete=\"off\" type=\"text\">            <\/div>            <div class=\"fr_matching_faqs\">    <div class=\"fr_no_result fr_displaynone\" data-fr-json=\"{&quot;hide_faq_search&quot;:false,&quot;empty_faq_search&quot;:true,&quot;show_faqs&quot;:true}\">        <em>No se han encontrado preguntas frecuentes ...<\/em>    <\/div><div class=\"fr_faqs_wrap\"><div class=\"fr_faqs_inner_wrap\"><ul class=\"fr_faqs_list\"><li data-val=\"6858\" data-dl=\"6858-accappatoi\" data-searchable=\"\" >Albornoces<\/li><li data-val=\"6859\" data-dl=\"6859-acqua-potabile\" data-searchable=\"\" >Agua potable<\/li><li data-val=\"6861\" data-dl=\"6861-aeroporti-e-trasferimenti\" data-searchable=\"\" >Aeropuertos y traslados<\/li><li data-val=\"6862\" data-dl=\"6862-animali-domestici\" data-searchable=\"\" >Animales dom\u00e9sticos<\/li><li data-val=\"6863\" data-dl=\"6863-aria-condizionata-e-riscaldamento\" data-searchable=\"\" >Aire acondicionado y calefacci\u00f3n<\/li><li data-val=\"6955\" data-dl=\"6955-ascensore\" data-searchable=\"\" >Ascensor<\/li><li data-val=\"6864\" data-dl=\"6864-asciugacapelli\" data-searchable=\"\" >Secador de pelo<\/li><li data-val=\"6956\" data-dl=\"6956-asciugamani\" data-searchable=\"\" >Toallas<\/li><li data-val=\"6865\" data-dl=\"6865-audio-e-video\" data-searchable=\"\" >Audio y v\u00eddeo<\/li><li data-val=\"6866\" data-dl=\"6866-baby-sitting\" data-searchable=\"\" >Servicio de canguro<\/li><li data-val=\"6869\" data-dl=\"6869-bancomat\" data-searchable=\"\" >Cajeros autom\u00e1ticos<\/li><li data-val=\"6870\" data-dl=\"6870-bar\" data-searchable=\"\" >Bar<\/li><li data-val=\"6895\" data-dl=\"6895-barbiere\" data-searchable=\"\" >Peluquer\u00eda<\/li><li data-val=\"6937\" data-dl=\"6937-biciclette\" data-searchable=\"\" >Bicicletas<\/li><li data-val=\"6957\" data-dl=\"6957-canali-tv\" data-searchable=\"\" >Canales de TV<\/li><li data-val=\"6899\" data-dl=\"6899-carte-di-credito\" data-searchable=\"\" >Tarjetas de cr\u00e9dito<\/li><li data-val=\"6900\" data-dl=\"6900-cassetta-di-sicurezza\" data-searchable=\"\" >Caja de seguridad<\/li><li data-val=\"6958\" data-dl=\"6958-check-in-check-out\" data-searchable=\"\" >Registro de entrada y salida<\/li><li data-val=\"6901\" data-dl=\"6901-check-out\" data-searchable=\"\" >Salida<\/li><li data-val=\"6903\" data-dl=\"6903-chiave\" data-searchable=\"\" >Clave<\/li><li data-val=\"6905\" data-dl=\"6905-cucito-e-rammendo\" data-searchable=\"\" >Coser y remendar<\/li><li data-val=\"6906\" data-dl=\"6906-culle-e-baby-care\" data-searchable=\"\" >Cunas y puericultura<\/li><li data-val=\"6907\" data-dl=\"6907-cuscini-e-coperte\" data-searchable=\"\" >Cojines y mantas<\/li><li data-val=\"6908\" data-dl=\"6908-dentista\" data-searchable=\"\" >Dentista<\/li><li data-val=\"6909\" data-dl=\"6909-disabilita-assistenza\" data-searchable=\"\" >Discapacidad (Asistencia)<\/li><li data-val=\"6910\" data-dl=\"6910-do-not-disturb\" data-searchable=\"\" >No molestar<\/li><li data-val=\"6915\" data-dl=\"6915-dottore\" data-searchable=\"\" >Doctor<\/li><li data-val=\"6911\" data-dl=\"6911-e-mail\" data-searchable=\"\" >Correo electr\u00f3nico<\/li><li data-val=\"6912\" data-dl=\"6912-emergenza-pronto-soccorso\" data-searchable=\"\" >Emergencias y primeros auxilios<\/li><li data-val=\"6913\" data-dl=\"6913-energia-elettrica\" data-searchable=\"\" >Electricidad<\/li><li data-val=\"6959\" data-dl=\"6959-entrata\" data-searchable=\"\" >Entrada<\/li><li data-val=\"6914\" data-dl=\"6914-estetista\" data-searchable=\"\" >Esteticista<\/li><li data-val=\"6916\" data-dl=\"6916-facsimile\" data-searchable=\"\" >Facs\u00edmil<\/li><li data-val=\"6917\" data-dl=\"6917-farmacia\" data-searchable=\"\" >Farmacia<\/li><li data-val=\"6918\" data-dl=\"6918-fiori\" data-searchable=\"\" >Flores<\/li><li data-val=\"6919\" data-dl=\"6919-fitness-centre\" data-searchable=\"\" >Gimnasio<\/li><li data-val=\"6920\" data-dl=\"6920-fotocopie\" data-searchable=\"\" >Fotocopias<\/li><li data-val=\"6921\" data-dl=\"6921-fumatori\" data-searchable=\"\" >Fumadores<\/li><li data-val=\"6922\" data-dl=\"6922-ghiaccio\" data-searchable=\"\" >Hielo<\/li><li data-val=\"6960\" data-dl=\"6960-giardino\" data-searchable=\"\" >Jard\u00edn<\/li><li data-val=\"6923\" data-dl=\"6923-giornali\" data-searchable=\"\" >Peri\u00f3dicos<\/li><li data-val=\"6924\" data-dl=\"6924-golf\" data-searchable=\"\" >Golf<\/li><li data-val=\"6925\" data-dl=\"6925-housekeeping\" data-searchable=\"\" >Limpieza<\/li><li data-val=\"6926\" data-dl=\"6926-incendio-sicurezza\" data-searchable=\"\" >Incendios (Seguridad)<\/li><li data-val=\"6927\" data-dl=\"6927-internet\" data-searchable=\"\" >Internet<\/li><li data-val=\"6928\" data-dl=\"6928-interpreti-e-traduttori\" data-searchable=\"\" >Int\u00e9rpretes y traductores<\/li><li data-val=\"6929\" data-dl=\"6929-jogging\" data-searchable=\"\" >Jogging<\/li><li data-val=\"6930\" data-dl=\"6930-lavanderia\" data-searchable=\"\" >Lavander\u00eda<\/li><li data-val=\"6961\" data-dl=\"6961-libreria\" data-searchable=\"\" >Librer\u00eda<\/li><li data-val=\"6931\" data-dl=\"6931-limousine\" data-searchable=\"\" >Limusina<\/li><li data-val=\"6932\" data-dl=\"6932-lost-and-found\" data-searchable=\"\" >Objetos perdidos<\/li><li data-val=\"6933\" data-dl=\"6933-lucidatura-scarpe\" data-searchable=\"\" >Lustrado de calzado<\/li><li data-val=\"6934\" data-dl=\"6934-manager-on-duty\" data-searchable=\"\" >Director de guardia<\/li><li data-val=\"6935\" data-dl=\"6935-massaggi\" data-searchable=\"\" >Masajes<\/li><li data-val=\"6962\" data-dl=\"6962-minibar\" data-searchable=\"\" >Minibar<\/li><li data-val=\"6936\" data-dl=\"6936-musei-e-gallerie\" data-searchable=\"\" >Museos y galer\u00edas<\/li><li data-val=\"6938\" data-dl=\"6938-ombrello\" data-searchable=\"\" >Paraguas<\/li><li data-val=\"6939\" data-dl=\"6939-parcheggio\" data-searchable=\"\" >Aparcamiento<\/li><li data-val=\"6940\" data-dl=\"6940-parrucchiere\" data-searchable=\"\" >Peluquer\u00eda<\/li><li data-val=\"6963\" data-dl=\"6963-pc-internet-point\" data-searchable=\"\" >Pc\/Punto de Internet<\/li><li data-val=\"6941\" data-dl=\"6941-piastra-per-capelli\" data-searchable=\"\" >Plancha de pelo<\/li><li data-val=\"6942\" data-dl=\"6942-piscina\" data-searchable=\"\" >Piscina<\/li><li data-val=\"6943\" data-dl=\"6943-posta\" data-searchable=\"\" >Correo<\/li><li data-val=\"6964\" data-dl=\"6964-quanto-dista-lhotel-da\" data-searchable=\"\" >A qu\u00e9 distancia est\u00e1 el hotel de....<\/li><li data-val=\"6945\" data-dl=\"6945-ristorante\" data-searchable=\"\" >Restaurante<\/li><li data-val=\"6988\" data-dl=\"6988-ristoranti\" data-searchable=\"\" >Restaurantes<\/li><li data-val=\"6944\" data-dl=\"6944-room-service\" data-searchable=\"\" >Servicio de habitaciones<\/li><li data-val=\"6965\" data-dl=\"6965-servizio-sveglia\" data-searchable=\"\" >Servicio de despertador<\/li><li data-val=\"6966\" data-dl=\"6966-spiaggia\" data-searchable=\"\" >Playa<\/li><li data-val=\"6948\" data-dl=\"6948-taxi\" data-searchable=\"\" >Taxi<\/li><li data-val=\"6949\" data-dl=\"6949-trasporto-pubblico\" data-searchable=\"\" >Transporte p\u00fablico<\/li><li data-val=\"6950\" data-dl=\"6950-voli-e-compagnie-aeree\" data-searchable=\"\" >Vuelos y compa\u00f1\u00edas a\u00e9reas<\/li><\/ul><div class=\"fr_faq_container\"><\/div><\/div><\/div>            <\/div>       <input type=\"hidden\" name=\"trp-form-language\" value=\"es\"\/><\/form><script type=\"text\/javascript\">    (function() {         \"use strict\";                const intval = setInterval(() => {            if(typeof(jQuery) == \"undefined\" || typeof(fr_init_searchbox) == \"undefined\") {                return true;            }            else {                clearTimeout(intval);                                fr_vars.subj[\"fr_69ef9820f051c\"]   = 196;                 fr_vars.sub_subj[\"fr_69ef9820f051c\"]  = 0;                fr_vars.faq[\"fr_69ef9820f051c\"]   = 0;                fr_vars.excl_subj[\"fr_69ef9820f051c\"] = JSON.parse(`[0]`);                                fr_init_searchbox(\"fr_69ef9820f051c\");            }        }, 50);    })();<\/script>\t\t\t\t<\/div>\n\t\t\t\t<\/div>\n\t\t\t\t\t<\/div>\n\t\t\t\t<\/div>\n\t\t\t\t<\/div>","protected":false},"excerpt":{"rendered":"<p>Benvenuti! Cari ospiti,ecco alcune informazioni utili per renderepi\u00f9 tranquillo e rilassante il vostro soggiorno.Cordialmente, e tutto il team del Hotel 1908 \u00ae Any section Any section No FAQs found .. Accappatoi Acqua Potabile Adattatori\/Convertitori Aeroporti e Trasferimenti Animali Domestici Aria Condizionata e Riscaldamento Asciugacapelli Audio e Video Autonoleggio Baby-sitting Bagagli Smarriti Banchetti, Meeting ed Eventi [&hellip;]<\/p>","protected":false},"author":1,"featured_media":0,"parent":0,"menu_order":0,"comment_status":"closed","ping_status":"closed","template":"","meta":{"footnotes":""},"class_list":["post-6844","page","type-page","status-publish","hentry"],"_links":{"self":[{"href":"https:\/\/directory.hotel1908.com\/es\/wp-json\/wp\/v2\/pages\/6844","targetHints":{"allow":["GET"]}}],"collection":[{"href":"https:\/\/directory.hotel1908.com\/es\/wp-json\/wp\/v2\/pages"}],"about":[{"href":"https:\/\/directory.hotel1908.com\/es\/wp-json\/wp\/v2\/types\/page"}],"author":[{"embeddable":true,"href":"https:\/\/directory.hotel1908.com\/es\/wp-json\/wp\/v2\/users\/1"}],"replies":[{"embeddable":true,"href":"https:\/\/directory.hotel1908.com\/es\/wp-json\/wp\/v2\/comments?post=6844"}],"version-history":[{"count":19,"href":"https:\/\/directory.hotel1908.com\/es\/wp-json\/wp\/v2\/pages\/6844\/revisions"}],"predecessor-version":[{"id":6894,"href":"https:\/\/directory.hotel1908.com\/es\/wp-json\/wp\/v2\/pages\/6844\/revisions\/6894"}],"wp:attachment":[{"href":"https:\/\/directory.hotel1908.com\/es\/wp-json\/wp\/v2\/media?parent=6844"}],"curies":[{"name":"wp","href":"https:\/\/api.w.org\/{rel}","templated":true}]}}